{"id":2353,"date":"2020-12-22T06:28:25","date_gmt":"2020-12-22T06:28:25","guid":{"rendered":"https:\/\/wordpress-486734-1655966.cloudwaysapps.com\/?page_id=2353"},"modified":"2025-03-24T04:10:00","modified_gmt":"2025-03-24T03:10:00","slug":"portfolio","status":"publish","type":"page","link":"https:\/\/tourismedika.com\/index.php\/portfolio\/","title":{"rendered":"Hakk\u0131m\u0131zda"},"content":{"rendered":"<style>.kb-row-layout-wrap.wp-block-kadence-rowlayout.kb-row-layout-id2353_6b6ce4-af{margin-top:0px;margin-bottom:0px;}.kb-row-layout-id2353_6b6ce4-af > .kt-row-column-wrap{align-content:start;}:where(.kb-row-layout-id2353_6b6ce4-af > .kt-row-column-wrap) > .wp-block-kadence-column{justify-content:start;}.kb-row-layout-id2353_6b6ce4-af > .kt-row-column-wrap{column-gap:var(--global-kb-gap-none, 0rem );row-gap:var(--global-kb-gap-md, 2rem);max-width:1140px;margin-left:auto;margin-right:auto;padding-top:160px;padding-right:10px;padding-bottom:30px;padding-left:9px;grid-template-columns:repeat(2, minmax(0, 1fr));}.kb-row-layout-id2353_6b6ce4-af{background-color:#000000;background-image:url('https:\/\/tourismedika.com\/wp-content\/uploads\/2020\/12\/pexels-mister-mister-2442888.jpg');background-size:cover;background-position:48% 0%;background-attachment:scroll;background-repeat:no-repeat;}.kb-row-layout-id2353_6b6ce4-af > .kt-row-layout-overlay{opacity:0.65;background-color:var(--global-palette2, #2B6CB0);}@media all and (max-width: 1024px){.kb-row-layout-id2353_6b6ce4-af > .kt-row-column-wrap{padding-top:120px;padding-right:120px;padding-bottom:60px;padding-left:60px;grid-template-columns:repeat(2, minmax(0, 1fr));}}@media all and (max-width: 767px){.kb-row-layout-id2353_6b6ce4-af > .kt-row-column-wrap{padding-top:120px;padding-right:20px;padding-bottom:30px;padding-left:20px;grid-template-columns:minmax(0, 1fr);}}<\/style><div class=\"kb-row-layout-wrap kb-row-layout-id2353_6b6ce4-af alignnone kt-row-has-bg wp-block-kadence-rowlayout\"><div class=\"kt-row-layout-overlay kt-row-overlay-normal\"><\/div><div class=\"kt-row-column-wrap kt-has-2-columns kt-row-layout-equal kt-tab-layout-inherit kt-mobile-layout-row kt-row-valign-top\">\n<style>.kadence-column2353_a4e992-32 > .kt-inside-inner-col,.kadence-column2353_a4e992-32 > .kt-inside-inner-col:before{border-top-left-radius:0px;border-top-right-radius:0px;border-bottom-right-radius:0px;border-bottom-left-radius:0px;}.kadence-column2353_a4e992-32 > .kt-inside-inner-col{column-gap:var(--global-kb-gap-sm, 1rem);}.kadence-column2353_a4e992-32 > .kt-inside-inner-col{flex-direction:column;}.kadence-column2353_a4e992-32 > .kt-inside-inner-col > .aligncenter{width:100%;}.kadence-column2353_a4e992-32 > .kt-inside-inner-col:before{opacity:0.3;}.kadence-column2353_a4e992-32{position:relative;}@media all and (max-width: 1024px){.kadence-column2353_a4e992-32 > .kt-inside-inner-col{flex-direction:column;justify-content:center;}}@media all and (max-width: 767px){.kadence-column2353_a4e992-32 > .kt-inside-inner-col{flex-direction:column;justify-content:center;}}<\/style>\n<div class=\"wp-block-kadence-column kadence-column2353_a4e992-32 inner-column-1\"><div class=\"kt-inside-inner-col\"><style>.wp-block-kadence-advancedheading.kt-adv-heading2353_c2bb1d-9e, .wp-block-kadence-advancedheading.kt-adv-heading2353_c2bb1d-9e[data-kb-block=\"kb-adv-heading2353_c2bb1d-9e\"]{font-size:65px;line-height:80px;font-weight:700;font-style:normal;letter-spacing:-2px;color:#ffffff;}.wp-block-kadence-advancedheading.kt-adv-heading2353_c2bb1d-9e mark.kt-highlight, .wp-block-kadence-advancedheading.kt-adv-heading2353_c2bb1d-9e[data-kb-block=\"kb-adv-heading2353_c2bb1d-9e\"] mark.kt-highlight{font-style:normal;color:#f76a0c;-webkit-box-decoration-break:clone;box-decoration-break:clone;padding-top:0px;padding-right:0px;padding-bottom:0px;padding-left:0px;}@media all and (max-width: 1024px){.wp-block-kadence-advancedheading.kt-adv-heading2353_c2bb1d-9e, .wp-block-kadence-advancedheading.kt-adv-heading2353_c2bb1d-9e[data-kb-block=\"kb-adv-heading2353_c2bb1d-9e\"]{font-size:60px;}}@media all and (max-width: 767px){.wp-block-kadence-advancedheading.kt-adv-heading2353_c2bb1d-9e, .wp-block-kadence-advancedheading.kt-adv-heading2353_c2bb1d-9e[data-kb-block=\"kb-adv-heading2353_c2bb1d-9e\"]{font-size:45px;}}<\/style>\n<h1 class=\"kt-adv-heading2353_c2bb1d-9e wp-block-kadence-advancedheading\" data-kb-block=\"kb-adv-heading2353_c2bb1d-9e\">Hakk\u0131m\u0131zda<\/h1>\n<\/div><\/div>\n\n\n<style>.kadence-column2353_4392a7-ee > .kt-inside-inner-col,.kadence-column2353_4392a7-ee > .kt-inside-inner-col:before{border-top-left-radius:0px;border-top-right-radius:0px;border-bottom-right-radius:0px;border-bottom-left-radius:0px;}.kadence-column2353_4392a7-ee > .kt-inside-inner-col{column-gap:var(--global-kb-gap-sm, 1rem);}.kadence-column2353_4392a7-ee > .kt-inside-inner-col{flex-direction:column;}.kadence-column2353_4392a7-ee > .kt-inside-inner-col > .aligncenter{width:100%;}.kadence-column2353_4392a7-ee > .kt-inside-inner-col:before{opacity:0.3;}.kadence-column2353_4392a7-ee{position:relative;}@media all and (max-width: 1024px){.kadence-column2353_4392a7-ee > .kt-inside-inner-col{flex-direction:column;justify-content:center;}}@media all and (max-width: 767px){.kadence-column2353_4392a7-ee > .kt-inside-inner-col{flex-direction:column;justify-content:center;}}<\/style>\n<div class=\"wp-block-kadence-column kadence-column2353_4392a7-ee inner-column-2\"><div class=\"kt-inside-inner-col\"><\/div><\/div>\n\n<\/div><\/div>\n\n\n<hr class=\"wp-block-separator has-alpha-channel-opacity\"\/>\n\n\n\n<p style=\"margin-top:var(--wp--preset--spacing--40);margin-right:var(--wp--preset--spacing--60);margin-bottom:var(--wp--preset--spacing--40);margin-left:var(--wp--preset--spacing--60)\"><strong>Sa\u011fl\u0131k Turizmi Acentas\u0131 \u2013 DreamTeam Travel<\/strong><br>DreamTeam Travel olarak profesyonel ve ilgili ekibimizle ilk temastan itibaren yan\u0131n\u0131zday\u0131z. Misyonumuz: T\u00fcm uluslararas\u0131 sa\u011fl\u0131k ihtiya\u00e7lar\u0131n\u0131z i\u00e7in g\u00fcvenilir, ki\u015fiselle\u015ftirilmi\u015f ve \u00f6zelle\u015ftirilmi\u015f bir hizmet garantilemek.<\/p>\n\n\n\n<p style=\"margin-top:var(--wp--preset--spacing--40);margin-right:var(--wp--preset--spacing--60);margin-bottom:var(--wp--preset--spacing--40);margin-left:var(--wp--preset--spacing--60)\"><strong>VIP Transferler<\/strong><br>Konforlu ve dakik ara\u00e7larla, program\u0131n\u0131za g\u00f6re organize edilen \u00f6zel geziler.<\/p>\n\n\n\n<p style=\"margin-top:var(--wp--preset--spacing--40);margin-right:var(--wp--preset--spacing--60);margin-bottom:var(--wp--preset--spacing--40);margin-left:var(--wp--preset--spacing--60)\"><strong>Terc\u00fcme<\/strong><br>Konaklaman\u0131z boyunca size destek olmak i\u00e7in 7\/24 hizmet veren bir terc\u00fcme hizmeti.<\/p>\n\n\n\n<p style=\"margin-top:var(--wp--preset--spacing--40);margin-right:var(--wp--preset--spacing--60);margin-bottom:var(--wp--preset--spacing--40);margin-left:var(--wp--preset--spacing--60)\"><strong>Konaklama<\/strong><br>Tedavi yerlerinize yak\u0131n, konforlu ve uygun fiyatl\u0131 konaklama \u00e7\u00f6z\u00fcmleri.<\/p>\n\n\n\n<p style=\"margin-top:var(--wp--preset--spacing--40);margin-right:var(--wp--preset--spacing--60);margin-bottom:var(--wp--preset--spacing--40);margin-left:var(--wp--preset--spacing--60)\"><strong>T\u0131bbi ekip<\/strong><br>Deneyimli uzmanlar taraf\u0131ndan, modern ve tan\u0131nm\u0131\u015f kurulu\u015flarda sa\u011flanan bak\u0131m.<\/p>\n\n\n\n<p><\/p>\n","protected":false},"excerpt":{"rendered":"<p>Hakk\u0131m\u0131zda Sa\u011fl\u0131k Turizmi Acentas\u0131 \u2013 DreamTeam TravelDreamTeam Travel olarak profesyonel ve ilgili ekibimizle ilk temastan itibaren yan\u0131n\u0131zday\u0131z. Misyonumuz: T\u00fcm uluslararas\u0131 sa\u011fl\u0131k ihtiya\u00e7lar\u0131n\u0131z i\u00e7in g\u00fcvenilir, ki\u015fiselle\u015ftirilmi\u015f ve \u00f6zelle\u015ftirilmi\u015f bir hizmet garantilemek. VIP TransferlerKonforlu ve dakik ara\u00e7larla, program\u0131n\u0131za g\u00f6re organize edilen \u00f6zel geziler. Terc\u00fcmeKonaklaman\u0131z boyunca size destek olmak i\u00e7in 7\/24 hizmet veren bir terc\u00fcme hizmeti. KonaklamaTedavi yerlerinize&#8230;<\/p>\n","protected":false},"author":1,"featured_media":2699,"parent":0,"menu_order":0,"comment_status":"closed","ping_status":"closed","template":"","meta":{"_kadence_starter_templates_imported_post":true,"_kad_post_transparent":"","_kad_post_title":"hide","_kad_post_layout":"fullwidth","_kad_post_sidebar_id":"","_kad_post_content_style":"unboxed","_kad_post_vertical_padding":"hide","_kad_post_feature":"hide","_kad_post_feature_position":"","_kad_post_header":false,"_kad_post_footer":false,"footnotes":""},"class_list":["post-2353","page","type-page","status-publish","has-post-thumbnail","hentry"],"_links":{"self":[{"href":"https:\/\/tourismedika.com\/index.php\/wp-json\/wp\/v2\/pages\/2353","targetHints":{"allow":["GET"]}}],"collection":[{"href":"https:\/\/tourismedika.com\/index.php\/wp-json\/wp\/v2\/pages"}],"about":[{"href":"https:\/\/tourismedika.com\/index.php\/wp-json\/wp\/v2\/types\/page"}],"author":[{"embeddable":true,"href":"https:\/\/tourismedika.com\/index.php\/wp-json\/wp\/v2\/users\/1"}],"replies":[{"embeddable":true,"href":"https:\/\/tourismedika.com\/index.php\/wp-json\/wp\/v2\/comments?post=2353"}],"version-history":[{"count":4,"href":"https:\/\/tourismedika.com\/index.php\/wp-json\/wp\/v2\/pages\/2353\/revisions"}],"predecessor-version":[{"id":2785,"href":"https:\/\/tourismedika.com\/index.php\/wp-json\/wp\/v2\/pages\/2353\/revisions\/2785"}],"wp:featuredmedia":[{"embeddable":true,"href":"https:\/\/tourismedika.com\/index.php\/wp-json\/wp\/v2\/media\/2699"}],"wp:attachment":[{"href":"https:\/\/tourismedika.com\/index.php\/wp-json\/wp\/v2\/media?parent=2353"}],"curies":[{"name":"wp","href":"https:\/\/api.w.org\/{rel}","templated":true}]}}