{"id":2198,"date":"2020-12-21T12:02:06","date_gmt":"2020-12-21T12:02:06","guid":{"rendered":"https:\/\/wordpress-486734-1655966.cloudwaysapps.com\/?page_id=2198"},"modified":"2025-03-24T04:20:44","modified_gmt":"2025-03-24T03:20:44","slug":"services","status":"publish","type":"page","link":"https:\/\/tourismedika.com\/index.php\/services\/","title":{"rendered":"KVKK"},"content":{"rendered":"<style>.kb-row-layout-wrap.wp-block-kadence-rowlayout.kb-row-layout-id2198_2ca500-d6{margin-top:0px;margin-bottom:0px;}.kb-row-layout-id2198_2ca500-d6 > .kt-row-column-wrap{align-content:start;}:where(.kb-row-layout-id2198_2ca500-d6 > .kt-row-column-wrap) > .wp-block-kadence-column{justify-content:start;}.kb-row-layout-id2198_2ca500-d6 > .kt-row-column-wrap{column-gap:var(--global-kb-gap-none, 0rem );row-gap:var(--global-kb-gap-md, 2rem);max-width:1140px;margin-left:auto;margin-right:auto;padding-top:160px;padding-right:10px;padding-bottom:30px;padding-left:9px;grid-template-columns:repeat(2, minmax(0, 1fr));}.kb-row-layout-id2198_2ca500-d6{background-color:#000000;background-image:url('https:\/\/tourismedika.com\/wp-content\/uploads\/2025\/03\/images.jpg');background-size:cover;background-position:82% 44%;background-attachment:scroll;background-repeat:no-repeat;}.kb-row-layout-id2198_2ca500-d6 > .kt-row-layout-overlay{opacity:0.65;background-color:var(--global-palette2, #2B6CB0);}@media all and (max-width: 1024px){.kb-row-layout-id2198_2ca500-d6 > .kt-row-column-wrap{padding-top:120px;padding-right:120px;padding-bottom:60px;padding-left:60px;grid-template-columns:repeat(2, minmax(0, 1fr));}}@media all and (max-width: 767px){.kb-row-layout-wrap.wp-block-kadence-rowlayout.kb-row-layout-id2198_2ca500-d6{margin-top:0px;margin-bottom:0px;}.kb-row-layout-id2198_2ca500-d6 > .kt-row-column-wrap{padding-top:120px;padding-right:20px;padding-bottom:30px;padding-left:20px;grid-template-columns:minmax(0, 1fr);}}<\/style><div class=\"kb-row-layout-wrap kb-row-layout-id2198_2ca500-d6 alignnone kt-row-has-bg wp-block-kadence-rowlayout\"><div class=\"kt-row-layout-overlay kt-row-overlay-normal\"><\/div><div class=\"kt-row-column-wrap kt-has-2-columns kt-row-layout-equal kt-tab-layout-inherit kt-mobile-layout-row kt-row-valign-top\">\n<style>.kadence-column2198_c5f12f-e2 > .kt-inside-inner-col,.kadence-column2198_c5f12f-e2 > .kt-inside-inner-col:before{border-top-left-radius:0px;border-top-right-radius:0px;border-bottom-right-radius:0px;border-bottom-left-radius:0px;}.kadence-column2198_c5f12f-e2 > .kt-inside-inner-col{column-gap:var(--global-kb-gap-sm, 1rem);}.kadence-column2198_c5f12f-e2 > .kt-inside-inner-col{flex-direction:column;}.kadence-column2198_c5f12f-e2 > .kt-inside-inner-col > .aligncenter{width:100%;}.kadence-column2198_c5f12f-e2 > .kt-inside-inner-col:before{opacity:0.3;}.kadence-column2198_c5f12f-e2{position:relative;}@media all and (max-width: 1024px){.kadence-column2198_c5f12f-e2 > .kt-inside-inner-col{flex-direction:column;justify-content:center;}}@media all and (max-width: 767px){.kadence-column2198_c5f12f-e2 > .kt-inside-inner-col{flex-direction:column;justify-content:center;}}<\/style>\n<div class=\"wp-block-kadence-column kadence-column2198_c5f12f-e2 inner-column-1\"><div class=\"kt-inside-inner-col\"><style>.wp-block-kadence-advancedheading.kt-adv-heading2198_189994-38, .wp-block-kadence-advancedheading.kt-adv-heading2198_189994-38[data-kb-block=\"kb-adv-heading2198_189994-38\"]{font-size:80px;line-height:80px;font-weight:700;font-style:normal;letter-spacing:-2px;color:#ffffff;}.wp-block-kadence-advancedheading.kt-adv-heading2198_189994-38 mark.kt-highlight, .wp-block-kadence-advancedheading.kt-adv-heading2198_189994-38[data-kb-block=\"kb-adv-heading2198_189994-38\"] mark.kt-highlight{font-style:normal;color:#f76a0c;-webkit-box-decoration-break:clone;box-decoration-break:clone;padding-top:0px;padding-right:0px;padding-bottom:0px;padding-left:0px;}@media all and (max-width: 1024px){.wp-block-kadence-advancedheading.kt-adv-heading2198_189994-38, .wp-block-kadence-advancedheading.kt-adv-heading2198_189994-38[data-kb-block=\"kb-adv-heading2198_189994-38\"]{font-size:65px;}}@media all and (max-width: 767px){.wp-block-kadence-advancedheading.kt-adv-heading2198_189994-38, .wp-block-kadence-advancedheading.kt-adv-heading2198_189994-38[data-kb-block=\"kb-adv-heading2198_189994-38\"]{font-size:45px;}}<\/style>\n<h1 class=\"kt-adv-heading2198_189994-38 wp-block-kadence-advancedheading\" data-kb-block=\"kb-adv-heading2198_189994-38\">KVKK<\/h1>\n<\/div><\/div>\n\n\n<style>.kadence-column2198_a3dcb6-13 > .kt-inside-inner-col,.kadence-column2198_a3dcb6-13 > .kt-inside-inner-col:before{border-top-left-radius:0px;border-top-right-radius:0px;border-bottom-right-radius:0px;border-bottom-left-radius:0px;}.kadence-column2198_a3dcb6-13 > .kt-inside-inner-col{column-gap:var(--global-kb-gap-sm, 1rem);}.kadence-column2198_a3dcb6-13 > .kt-inside-inner-col{flex-direction:column;}.kadence-column2198_a3dcb6-13 > .kt-inside-inner-col > .aligncenter{width:100%;}.kadence-column2198_a3dcb6-13 > .kt-inside-inner-col:before{opacity:0.3;}.kadence-column2198_a3dcb6-13{position:relative;}@media all and (max-width: 1024px){.kadence-column2198_a3dcb6-13 > .kt-inside-inner-col{flex-direction:column;justify-content:center;}}@media all and (max-width: 767px){.kadence-column2198_a3dcb6-13 > .kt-inside-inner-col{flex-direction:column;justify-content:center;}}<\/style>\n<div class=\"wp-block-kadence-column kadence-column2198_a3dcb6-13 inner-column-2\"><div class=\"kt-inside-inner-col\"><\/div><\/div>\n\n<\/div><\/div>\n\n\n<hr class=\"wp-block-separator has-alpha-channel-opacity\"\/>\n\n\n\n<p style=\"margin-top:var(--wp--preset--spacing--40);margin-right:var(--wp--preset--spacing--60);margin-bottom:var(--wp--preset--spacing--40);margin-left:var(--wp--preset--spacing--60)\"><strong>Gizlilik politikas\u0131 &#8211; Ki\u015fisel verilerin i\u015flenmesi<\/strong><\/p>\n\n\n\n<p style=\"margin-top:var(--wp--preset--spacing--40);margin-right:var(--wp--preset--spacing--60);margin-bottom:var(--wp--preset--spacing--40);margin-left:var(--wp--preset--spacing--60)\">DreamTeam Travel, ba\u015fta 6698 say\u0131l\u0131 T\u00fcrk Kanunu (KVKK) olmak \u00fczere ki\u015fisel verilerin korunmas\u0131na ili\u015fkin y\u00fcr\u00fcrl\u00fckteki mevzuata uygun olarak, m\u00fc\u015fterilerinin gizlili\u011fine sayg\u0131 g\u00f6stermeyi taahh\u00fct eder. Veri sorumlusu olarak, ki\u015fisel verilerinizi yaln\u0131zca profesyonel g\u00f6revlerimiz ba\u011flam\u0131nda ve kaliteli bir hizmet sa\u011flamak i\u00e7in toplar, kullan\u0131r, saklar, aktar\u0131r ve koruruz.<\/p>\n\n\n\n<p style=\"margin-top:var(--wp--preset--spacing--40);margin-right:var(--wp--preset--spacing--60);margin-bottom:var(--wp--preset--spacing--40);margin-left:var(--wp--preset--spacing--60)\">Verilerinizin g\u00fcvenli\u011fini ve gizlili\u011fini garanti etmek ve yetkisiz eri\u015fimi veya i\u015flenmesini \u00f6nlemek i\u00e7in gerekli t\u00fcm teknik ve organizasyonel \u00f6nlemleri al\u0131yoruz.<\/p>\n\n\n\n<h3 class=\"wp-block-heading\" style=\"margin-top:var(--wp--preset--spacing--40);margin-right:var(--wp--preset--spacing--60);margin-bottom:var(--wp--preset--spacing--40);margin-left:var(--wp--preset--spacing--60)\">Halk endi\u015feli<\/h3>\n\n\n\n<p style=\"margin-top:var(--wp--preset--spacing--40);margin-right:var(--wp--preset--spacing--60);margin-bottom:var(--wp--preset--spacing--40);margin-left:var(--wp--preset--spacing--60)\">Bu politika, \u00e7al\u0131\u015fanlar\u0131m\u0131z veya i\u015fe al\u0131m adaylar\u0131m\u0131z hari\u00e7 olmak \u00fczere, verilerini toplad\u0131\u011f\u0131m\u0131z t\u00fcm bireyler i\u00e7in ge\u00e7erlidir.<\/p>\n\n\n\n<h3 class=\"wp-block-heading\" style=\"margin-top:var(--wp--preset--spacing--40);margin-right:var(--wp--preset--spacing--60);margin-bottom:var(--wp--preset--spacing--40);margin-left:var(--wp--preset--spacing--60)\">Toplanan veriler<\/h3>\n\n\n\n<p style=\"margin-top:var(--wp--preset--spacing--40);margin-right:var(--wp--preset--spacing--60);margin-bottom:var(--wp--preset--spacing--40);margin-left:var(--wp--preset--spacing--60)\">Toplanmas\u0131 muhtemel veriler a\u015fa\u011f\u0131dakileri i\u00e7erir, ancak bunlarla s\u0131n\u0131rl\u0131 de\u011fildir:<\/p>\n\n\n\n<ul class=\"wp-block-list\">\n<li style=\"margin-top:var(--wp--preset--spacing--40);margin-right:var(--wp--preset--spacing--60);margin-bottom:var(--wp--preset--spacing--40);margin-left:var(--wp--preset--spacing--60)\">Soyad\u0131, ad\u0131<\/li>\n\n\n\n<li style=\"margin-top:var(--wp--preset--spacing--40);margin-right:var(--wp--preset--spacing--60);margin-bottom:var(--wp--preset--spacing--40);margin-left:var(--wp--preset--spacing--60)\">\u0130leti\u015fim bilgileri (e-posta, telefon, adres)<\/li>\n\n\n\n<li style=\"margin-top:var(--wp--preset--spacing--40);margin-right:var(--wp--preset--spacing--60);margin-bottom:var(--wp--preset--spacing--40);margin-left:var(--wp--preset--spacing--60)\">Rezervasyon bilgileri (var\u0131\u015f yeri, tarih, herhangi bir t\u0131bbi ihtiya\u00e7)<\/li>\n\n\n\n<li style=\"margin-top:var(--wp--preset--spacing--40);margin-right:var(--wp--preset--spacing--60);margin-bottom:var(--wp--preset--spacing--40);margin-left:var(--wp--preset--spacing--60)\">Teknik veriler (\u00e7erezler, IP, konum)<\/li>\n\n\n\n<li style=\"margin-top:var(--wp--preset--spacing--40);margin-right:var(--wp--preset--spacing--60);margin-bottom:var(--wp--preset--spacing--40);margin-left:var(--wp--preset--spacing--60)\">M\u00fc\u015fteri ili\u015fkisinin bir par\u00e7as\u0131 olarak ses veya g\u00f6r\u00fcnt\u00fc kay\u0131tlar\u0131<\/li>\n\n\n\n<li style=\"margin-top:var(--wp--preset--spacing--40);margin-right:var(--wp--preset--spacing--60);margin-bottom:var(--wp--preset--spacing--40);margin-left:var(--wp--preset--spacing--60)\">\u00d6deme bilgileri (RIB, IBAN, vb.)<\/li>\n<\/ul>\n\n\n\n<h3 class=\"wp-block-heading\" style=\"margin-top:var(--wp--preset--spacing--40);margin-right:var(--wp--preset--spacing--60);margin-bottom:var(--wp--preset--spacing--40);margin-left:var(--wp--preset--spacing--60)\">\u0130\u015flemenin amac\u0131<\/h3>\n\n\n\n<p style=\"margin-top:var(--wp--preset--spacing--40);margin-right:var(--wp--preset--spacing--60);margin-bottom:var(--wp--preset--spacing--40);margin-left:var(--wp--preset--spacing--60)\">Verilerinizi \u015fu ama\u00e7larla kullan\u0131yoruz<\/p>\n\n\n\n<ul class=\"wp-block-list\">\n<li style=\"margin-top:var(--wp--preset--spacing--40);margin-right:var(--wp--preset--spacing--60);margin-bottom:var(--wp--preset--spacing--40);margin-left:var(--wp--preset--spacing--60)\">Talep edilen hizmetleri y\u00f6netmek (bak\u0131m organizasyonu, ula\u015f\u0131m, konaklama)<\/li>\n\n\n\n<li style=\"margin-top:var(--wp--preset--spacing--40);margin-right:var(--wp--preset--spacing--60);margin-bottom:var(--wp--preset--spacing--40);margin-left:var(--wp--preset--spacing--60)\">Taleplerinize web sitemiz \u00fczerinden veya telefonla yan\u0131t vermek<\/li>\n\n\n\n<li style=\"margin-top:var(--wp--preset--spacing--40);margin-right:var(--wp--preset--spacing--60);margin-bottom:var(--wp--preset--spacing--40);margin-left:var(--wp--preset--spacing--60)\">Fiyat teklifleri, s\u00f6zle\u015fmeler ve faturalar haz\u0131rlamak<\/li>\n\n\n\n<li style=\"margin-top:var(--wp--preset--spacing--40);margin-right:var(--wp--preset--spacing--60);margin-bottom:var(--wp--preset--spacing--40);margin-left:var(--wp--preset--spacing--60)\">Ki\u015fiselle\u015ftirilmi\u015f destek sunun<\/li>\n\n\n\n<li style=\"margin-top:var(--wp--preset--spacing--40);margin-right:var(--wp--preset--spacing--60);margin-bottom:var(--wp--preset--spacing--40);margin-left:var(--wp--preset--spacing--60)\">Hizmetlerimizi iyile\u015ftirmek (m\u00fc\u015fteri deste\u011fi, pazarlama, istatistikler)<\/li>\n\n\n\n<li style=\"margin-top:var(--wp--preset--spacing--40);margin-right:var(--wp--preset--spacing--60);margin-bottom:var(--wp--preset--spacing--40);margin-left:var(--wp--preset--spacing--60)\">Platformumuzun ve verilerinizin g\u00fcvenli\u011fini garanti etmek<\/li>\n<\/ul>\n\n\n\n<h3 class=\"wp-block-heading\" style=\"margin-top:var(--wp--preset--spacing--40);margin-right:var(--wp--preset--spacing--60);margin-bottom:var(--wp--preset--spacing--40);margin-left:var(--wp--preset--spacing--60)\">Toplama ve depolama<\/h3>\n\n\n\n<p style=\"margin-top:var(--wp--preset--spacing--40);margin-right:var(--wp--preset--spacing--60);margin-bottom:var(--wp--preset--spacing--40);margin-left:var(--wp--preset--spacing--60)\">Verileriniz toplanabilir:<\/p>\n\n\n\n<ul class=\"wp-block-list\">\n<li style=\"margin-top:var(--wp--preset--spacing--40);margin-right:var(--wp--preset--spacing--60);margin-bottom:var(--wp--preset--spacing--40);margin-left:var(--wp--preset--spacing--60)\">\u00c7evrimi\u00e7i form, telefon veya e-posta yoluyla<\/li>\n\n\n\n<li style=\"margin-top:var(--wp--preset--spacing--40);margin-right:var(--wp--preset--spacing--60);margin-bottom:var(--wp--preset--spacing--40);margin-left:var(--wp--preset--spacing--60)\">\u0130leti\u015fim veya fiyat teklifi talep etti\u011finizde<\/li>\n\n\n\n<li style=\"margin-top:var(--wp--preset--spacing--40);margin-right:var(--wp--preset--spacing--60);margin-bottom:var(--wp--preset--spacing--40);margin-left:var(--wp--preset--spacing--60)\">\u00c7erezler veya tarama analiz ara\u00e7lar\u0131 arac\u0131l\u0131\u011f\u0131yla<\/li>\n<\/ul>\n\n\n\n<p style=\"margin-top:var(--wp--preset--spacing--40);margin-right:var(--wp--preset--spacing--60);margin-bottom:var(--wp--preset--spacing--40);margin-left:var(--wp--preset--spacing--60)\">Dahili sunucularda veya y\u00f6netmeliklere uyan hizmet sa\u011flay\u0131c\u0131lar taraf\u0131ndan g\u00fcvenli bir \u015fekilde saklan\u0131r. Bunlar yaln\u0131zca i\u015fleme i\u00e7in gereken s\u00fcre boyunca saklan\u0131r ve daha sonra silinir veya anonim hale getirilir.<\/p>\n\n\n\n<h3 class=\"wp-block-heading\" style=\"margin-top:var(--wp--preset--spacing--40);margin-right:var(--wp--preset--spacing--60);margin-bottom:var(--wp--preset--spacing--40);margin-left:var(--wp--preset--spacing--60)\">Veri aktar\u0131m\u0131<\/h3>\n\n\n\n<p style=\"margin-top:var(--wp--preset--spacing--40);margin-right:var(--wp--preset--spacing--60);margin-bottom:var(--wp--preset--spacing--40);margin-left:var(--wp--preset--spacing--60)\">Verileriniz yaln\u0131zca \u015fu ki\u015filerle payla\u015f\u0131labilir<\/p>\n\n\n\n<ul class=\"wp-block-list\">\n<li style=\"margin-top:var(--wp--preset--spacing--40);margin-right:var(--wp--preset--spacing--60);margin-bottom:var(--wp--preset--spacing--40);margin-left:var(--wp--preset--spacing--60)\">Sa\u011fl\u0131k hizmeti ortaklar\u0131m\u0131z (klinikler, hastaneler, terc\u00fcmanlar, vb.)<\/li>\n\n\n\n<li style=\"margin-top:var(--wp--preset--spacing--40);margin-right:var(--wp--preset--spacing--60);margin-bottom:var(--wp--preset--spacing--40);margin-left:var(--wp--preset--spacing--60)\">Hizmet sa\u011flay\u0131c\u0131lar\u0131m\u0131z (ula\u015f\u0131m, konaklama, vb.)<\/li>\n\n\n\n<li style=\"margin-top:var(--wp--preset--spacing--40);margin-right:var(--wp--preset--spacing--60);margin-bottom:var(--wp--preset--spacing--40);margin-left:var(--wp--preset--spacing--60)\">Yasal olarak gerekli olmas\u0131 halinde kamu makamlar\u0131<\/li>\n\n\n\n<li style=\"margin-top:var(--wp--preset--spacing--40);margin-right:var(--wp--preset--spacing--60);margin-bottom:var(--wp--preset--spacing--40);margin-left:var(--wp--preset--spacing--60)\">Teknik veya idari alt y\u00fcklenicilerimiz (bar\u0131nd\u0131rma, faturalama vb.)<\/li>\n<\/ul>\n\n\n\n<p style=\"margin-top:var(--wp--preset--spacing--40);margin-right:var(--wp--preset--spacing--60);margin-bottom:var(--wp--preset--spacing--40);margin-left:var(--wp--preset--spacing--60)\">Bu durumlar d\u0131\u015f\u0131nda a\u00e7\u0131k izniniz olmadan hi\u00e7bir aktar\u0131m yap\u0131lmayacakt\u0131r.<\/p>\n\n\n\n<h3 class=\"wp-block-heading\" style=\"margin-top:var(--wp--preset--spacing--40);margin-right:var(--wp--preset--spacing--60);margin-bottom:var(--wp--preset--spacing--40);margin-left:var(--wp--preset--spacing--60)\">Sizin haklar\u0131n\u0131z<\/h3>\n\n\n\n<p style=\"margin-top:var(--wp--preset--spacing--40);margin-right:var(--wp--preset--spacing--60);margin-bottom:var(--wp--preset--spacing--40);margin-left:var(--wp--preset--spacing--60)\">\u0130stedi\u011finiz zaman \u015fu haklara sahipsiniz:<\/p>\n\n\n\n<ul class=\"wp-block-list\">\n<li style=\"margin-top:var(--wp--preset--spacing--40);margin-right:var(--wp--preset--spacing--60);margin-bottom:var(--wp--preset--spacing--40);margin-left:var(--wp--preset--spacing--60)\">Verilerinize eri\u015fin<\/li>\n\n\n\n<li style=\"margin-top:var(--wp--preset--spacing--40);margin-right:var(--wp--preset--spacing--60);margin-bottom:var(--wp--preset--spacing--40);margin-left:var(--wp--preset--spacing--60)\">D\u00fczeltme veya g\u00fcncelleme talep edin<\/li>\n\n\n\n<li style=\"margin-top:var(--wp--preset--spacing--40);margin-right:var(--wp--preset--spacing--60);margin-bottom:var(--wp--preset--spacing--40);margin-left:var(--wp--preset--spacing--60)\">Silinmelerini talep edin<\/li>\n\n\n\n<li style=\"margin-top:var(--wp--preset--spacing--40);margin-right:var(--wp--preset--spacing--60);margin-bottom:var(--wp--preset--spacing--40);margin-left:var(--wp--preset--spacing--60)\">Verilerinizin belirli durumlarda kullan\u0131lmas\u0131na kar\u015f\u0131 \u00e7\u0131kma<\/li>\n\n\n\n<li style=\"margin-top:var(--wp--preset--spacing--40);margin-right:var(--wp--preset--spacing--60);margin-bottom:var(--wp--preset--spacing--40);margin-left:var(--wp--preset--spacing--60)\">Ger\u00e7ekle\u015ftirilen i\u015fleme hakk\u0131nda bilgilendirilmek<\/li>\n<\/ul>\n\n\n\n<p style=\"margin-top:var(--wp--preset--spacing--40);margin-right:var(--wp--preset--spacing--60);margin-bottom:var(--wp--preset--spacing--40);margin-left:var(--wp--preset--spacing--60)\">Haklar\u0131n\u0131z\u0131 kullanmak i\u00e7in bizimle yaz\u0131l\u0131 olarak veya contact@tourismedika.com adresinden e-posta yoluyla ileti\u015fime ge\u00e7meniz yeterlidir. Yasalara uygun olarak m\u00fcmk\u00fcn olan en k\u0131sa s\u00fcrede bir yan\u0131t alacaks\u0131n\u0131z.<\/p>\n\n\n\n<p><\/p>\n","protected":false},"excerpt":{"rendered":"<p>KVKK Gizlilik politikas\u0131 &#8211; Ki\u015fisel verilerin i\u015flenmesi DreamTeam Travel, ba\u015fta 6698 say\u0131l\u0131 T\u00fcrk Kanunu (KVKK) olmak \u00fczere ki\u015fisel verilerin korunmas\u0131na ili\u015fkin y\u00fcr\u00fcrl\u00fckteki mevzuata uygun olarak, m\u00fc\u015fterilerinin gizlili\u011fine sayg\u0131 g\u00f6stermeyi taahh\u00fct eder. Veri sorumlusu olarak, ki\u015fisel verilerinizi yaln\u0131zca profesyonel g\u00f6revlerimiz ba\u011flam\u0131nda ve kaliteli bir hizmet sa\u011flamak i\u00e7in toplar, kullan\u0131r, saklar, aktar\u0131r ve koruruz. Verilerinizin g\u00fcvenli\u011fini ve&#8230;<\/p>\n","protected":false},"author":1,"featured_media":2701,"parent":0,"menu_order":0,"comment_status":"closed","ping_status":"closed","template":"","meta":{"_kadence_starter_templates_imported_post":true,"_kad_post_transparent":"","_kad_post_title":"hide","_kad_post_layout":"fullwidth","_kad_post_sidebar_id":"","_kad_post_content_style":"unboxed","_kad_post_vertical_padding":"hide","_kad_post_feature":"hide","_kad_post_feature_position":"","_kad_post_header":false,"_kad_post_footer":false,"footnotes":""},"class_list":["post-2198","page","type-page","status-publish","has-post-thumbnail","hentry"],"_links":{"self":[{"href":"https:\/\/tourismedika.com\/index.php\/wp-json\/wp\/v2\/pages\/2198","targetHints":{"allow":["GET"]}}],"collection":[{"href":"https:\/\/tourismedika.com\/index.php\/wp-json\/wp\/v2\/pages"}],"about":[{"href":"https:\/\/tourismedika.com\/index.php\/wp-json\/wp\/v2\/types\/page"}],"author":[{"embeddable":true,"href":"https:\/\/tourismedika.com\/index.php\/wp-json\/wp\/v2\/users\/1"}],"replies":[{"embeddable":true,"href":"https:\/\/tourismedika.com\/index.php\/wp-json\/wp\/v2\/comments?post=2198"}],"version-history":[{"count":8,"href":"https:\/\/tourismedika.com\/index.php\/wp-json\/wp\/v2\/pages\/2198\/revisions"}],"predecessor-version":[{"id":2791,"href":"https:\/\/tourismedika.com\/index.php\/wp-json\/wp\/v2\/pages\/2198\/revisions\/2791"}],"wp:featuredmedia":[{"embeddable":true,"href":"https:\/\/tourismedika.com\/index.php\/wp-json\/wp\/v2\/media\/2701"}],"wp:attachment":[{"href":"https:\/\/tourismedika.com\/index.php\/wp-json\/wp\/v2\/media?parent=2198"}],"curies":[{"name":"wp","href":"https:\/\/api.w.org\/{rel}","templated":true}]}}