{"id":2131,"date":"2020-12-21T08:37:38","date_gmt":"2020-12-21T08:37:38","guid":{"rendered":"https:\/\/wordpress-486734-1655966.cloudwaysapps.com\/?page_id=2131"},"modified":"2025-03-24T04:13:45","modified_gmt":"2025-03-24T03:13:45","slug":"contact","status":"publish","type":"page","link":"https:\/\/tourismedika.com\/index.php\/contact\/","title":{"rendered":"\u0130leti\u015fim"},"content":{"rendered":"<style>.kb-row-layout-wrap.wp-block-kadence-rowlayout.kb-row-layout-id2131_8bb7a5-98{margin-top:0px;margin-bottom:0px;}.kb-row-layout-id2131_8bb7a5-98 > .kt-row-column-wrap{align-content:start;}:where(.kb-row-layout-id2131_8bb7a5-98 > .kt-row-column-wrap) > .wp-block-kadence-column{justify-content:start;}.kb-row-layout-id2131_8bb7a5-98 > .kt-row-column-wrap{column-gap:var(--global-kb-gap-none, 0rem );row-gap:var(--global-kb-gap-md, 2rem);max-width:1140px;margin-left:auto;margin-right:auto;padding-top:160px;padding-right:10px;padding-bottom:30px;padding-left:9px;grid-template-columns:repeat(2, minmax(0, 1fr));}.kb-row-layout-id2131_8bb7a5-98{background-color:#000000;background-image:url('https:\/\/tourismedika.com\/wp-content\/uploads\/2020\/11\/pexels-fauxels-3184306.jpg');background-size:cover;background-position:center center;background-attachment:scroll;background-repeat:no-repeat;}.kb-row-layout-id2131_8bb7a5-98 > .kt-row-layout-overlay{opacity:0.65;background-color:var(--global-palette2, #2B6CB0);}@media all and (max-width: 1024px){.kb-row-layout-id2131_8bb7a5-98 > .kt-row-column-wrap{padding-top:120px;padding-right:120px;padding-bottom:60px;padding-left:60px;grid-template-columns:repeat(2, minmax(0, 1fr));}}@media all and (max-width: 767px){.kb-row-layout-id2131_8bb7a5-98 > .kt-row-column-wrap{padding-top:120px;padding-right:20px;padding-bottom:30px;padding-left:20px;grid-template-columns:minmax(0, 1fr);}}<\/style><div class=\"kb-row-layout-wrap kb-row-layout-id2131_8bb7a5-98 alignnone kt-row-has-bg wp-block-kadence-rowlayout\"><div class=\"kt-row-layout-overlay kt-row-overlay-normal\"><\/div><div class=\"kt-row-column-wrap kt-has-2-columns kt-row-layout-equal kt-tab-layout-inherit kt-mobile-layout-row kt-row-valign-top\">\n<style>.kadence-column2131_dd16f8-f6 > .kt-inside-inner-col,.kadence-column2131_dd16f8-f6 > .kt-inside-inner-col:before{border-top-left-radius:0px;border-top-right-radius:0px;border-bottom-right-radius:0px;border-bottom-left-radius:0px;}.kadence-column2131_dd16f8-f6 > .kt-inside-inner-col{column-gap:var(--global-kb-gap-sm, 1rem);}.kadence-column2131_dd16f8-f6 > .kt-inside-inner-col{flex-direction:column;}.kadence-column2131_dd16f8-f6 > .kt-inside-inner-col > .aligncenter{width:100%;}.kadence-column2131_dd16f8-f6 > .kt-inside-inner-col:before{opacity:0.3;}.kadence-column2131_dd16f8-f6{position:relative;}@media all and (max-width: 1024px){.kadence-column2131_dd16f8-f6 > .kt-inside-inner-col{flex-direction:column;justify-content:center;}}@media all and (max-width: 767px){.kadence-column2131_dd16f8-f6 > .kt-inside-inner-col{flex-direction:column;justify-content:center;}}<\/style>\n<div class=\"wp-block-kadence-column kadence-column2131_dd16f8-f6 inner-column-1\"><div class=\"kt-inside-inner-col\"><style>.wp-block-kadence-advancedheading.kt-adv-heading2131_083ebc-a2, .wp-block-kadence-advancedheading.kt-adv-heading2131_083ebc-a2[data-kb-block=\"kb-adv-heading2131_083ebc-a2\"]{font-size:80px;line-height:80px;font-weight:700;font-style:normal;letter-spacing:-2px;color:#ffffff;}.wp-block-kadence-advancedheading.kt-adv-heading2131_083ebc-a2 mark.kt-highlight, .wp-block-kadence-advancedheading.kt-adv-heading2131_083ebc-a2[data-kb-block=\"kb-adv-heading2131_083ebc-a2\"] mark.kt-highlight{font-style:normal;color:#f76a0c;-webkit-box-decoration-break:clone;box-decoration-break:clone;padding-top:0px;padding-right:0px;padding-bottom:0px;padding-left:0px;}@media all and (max-width: 1024px){.wp-block-kadence-advancedheading.kt-adv-heading2131_083ebc-a2, .wp-block-kadence-advancedheading.kt-adv-heading2131_083ebc-a2[data-kb-block=\"kb-adv-heading2131_083ebc-a2\"]{font-size:60px;}}@media all and (max-width: 767px){.wp-block-kadence-advancedheading.kt-adv-heading2131_083ebc-a2, .wp-block-kadence-advancedheading.kt-adv-heading2131_083ebc-a2[data-kb-block=\"kb-adv-heading2131_083ebc-a2\"]{font-size:45px;}}<\/style>\n<h1 class=\"kt-adv-heading2131_083ebc-a2 wp-block-kadence-advancedheading\" data-kb-block=\"kb-adv-heading2131_083ebc-a2\">\u0130leti\u015fim<\/h1>\n<\/div><\/div>\n\n\n<style>.kadence-column2131_adf621-57 > .kt-inside-inner-col,.kadence-column2131_adf621-57 > .kt-inside-inner-col:before{border-top-left-radius:0px;border-top-right-radius:0px;border-bottom-right-radius:0px;border-bottom-left-radius:0px;}.kadence-column2131_adf621-57 > .kt-inside-inner-col{column-gap:var(--global-kb-gap-sm, 1rem);}.kadence-column2131_adf621-57 > .kt-inside-inner-col{flex-direction:column;}.kadence-column2131_adf621-57 > .kt-inside-inner-col > .aligncenter{width:100%;}.kadence-column2131_adf621-57 > .kt-inside-inner-col:before{opacity:0.3;}.kadence-column2131_adf621-57{position:relative;}@media all and (max-width: 1024px){.kadence-column2131_adf621-57 > .kt-inside-inner-col{flex-direction:column;justify-content:center;}}@media all and (max-width: 767px){.kadence-column2131_adf621-57 > .kt-inside-inner-col{flex-direction:column;justify-content:center;}}<\/style>\n<div class=\"wp-block-kadence-column kadence-column2131_adf621-57 inner-column-2\"><div class=\"kt-inside-inner-col\"><\/div><\/div>\n\n<\/div><\/div>\n\n<style>.kb-row-layout-wrap.wp-block-kadence-rowlayout.kb-row-layout-id2131_484b66-43{margin-top:0px;margin-bottom:0px;}.kb-row-layout-id2131_484b66-43 > .kt-row-column-wrap{align-content:start;}:where(.kb-row-layout-id2131_484b66-43 > .kt-row-column-wrap) > .wp-block-kadence-column{justify-content:start;}.kb-row-layout-id2131_484b66-43 > .kt-row-column-wrap{column-gap:var(--global-kb-gap-none, 0rem );row-gap:var(--global-kb-gap-md, 2rem);max-width:1140px;margin-left:auto;margin-right:auto;padding-top:80px;padding-right:0px;padding-bottom:0px;padding-left:0px;grid-template-columns:minmax(0, calc(70% - ((var(--global-kb-gap-none, 0rem ) * 1 )\/2)))minmax(0, calc(30% - ((var(--global-kb-gap-none, 0rem ) * 1 )\/2)));}.kb-row-layout-id2131_484b66-43 > .kt-row-layout-overlay{opacity:0.30;}@media all and (max-width: 1024px){.kb-row-layout-id2131_484b66-43 > .kt-row-column-wrap{padding-top:60px;padding-right:30px;padding-bottom:0px;padding-left:30px;grid-template-columns:minmax(0, 1fr);}}@media all and (max-width: 767px){.kb-row-layout-id2131_484b66-43 > .kt-row-column-wrap{grid-template-columns:minmax(0, 1fr);}}<\/style><div class=\"kb-row-layout-wrap kb-row-layout-id2131_484b66-43 alignnone wp-block-kadence-rowlayout\"><div class=\"kt-row-column-wrap kt-has-2-columns kt-row-layout-equal kt-tab-layout-row kt-mobile-layout-row kt-row-valign-top\">\n<style>.kadence-column2131_58215d-9f > .kt-inside-inner-col{padding-top:0px;padding-right:60px;padding-bottom:0px;padding-left:10px;}.kadence-column2131_58215d-9f > .kt-inside-inner-col,.kadence-column2131_58215d-9f > .kt-inside-inner-col:before{border-top-left-radius:0px;border-top-right-radius:0px;border-bottom-right-radius:0px;border-bottom-left-radius:0px;}.kadence-column2131_58215d-9f > .kt-inside-inner-col{column-gap:var(--global-kb-gap-sm, 1rem);}.kadence-column2131_58215d-9f > .kt-inside-inner-col{flex-direction:column;}.kadence-column2131_58215d-9f > .kt-inside-inner-col > .aligncenter{width:100%;}.kadence-column2131_58215d-9f > .kt-inside-inner-col:before{opacity:0.3;}.kadence-column2131_58215d-9f{position:relative;}.kadence-column2131_58215d-9f, .kt-inside-inner-col > .kadence-column2131_58215d-9f:not(.specificity){margin-top:0px;margin-right:0px;margin-bottom:0px;margin-left:0px;}@media all and (max-width: 1024px){.kadence-column2131_58215d-9f > .kt-inside-inner-col{flex-direction:column;justify-content:center;}}@media all and (max-width: 767px){.kadence-column2131_58215d-9f > .kt-inside-inner-col{padding-right:0px;padding-left:0px;flex-direction:column;justify-content:center;}}<\/style>\n<div class=\"wp-block-kadence-column kadence-column2131_58215d-9f inner-column-1\"><div class=\"kt-inside-inner-col\"><style>.kadence-form-2131_4ded23-24 .kb-form .kadence-blocks-form-field{padding-right:15px;padding-left:15px;}.kadence-form-2131_4ded23-24 .kb-form{margin-right:-15px;margin-left:-15px;}.kadence-form-2131_4ded23-24 .kb-form .kadence-blocks-form-field .kb-text-style-field, .kadence-form-2131_4ded23-24 .kb-form .kadence-blocks-form-field .kb-select-style-field{color:var(--global-palette4, #2D3748);line-height:1em;background:var(--global-palette9, #ffffff);border-color:rgba(113, 128, 150, 0.4);}.kadence-form-2131_4ded23-24 .kb-form .kadence-blocks-form-field .kb-text-style-field:focus, .kadence-form-2131_4ded23-24 .kb-form .kadence-blocks-form-field .kb-select-style-field:focus{color:var(--global-palette3, #1A202C);background:var(--global-palette9, #ffffff);}.kadence-form-2131_4ded23-24 .kb-form .kadence-blocks-form-field > label{font-weight:bold;}.kadence-form-2131_4ded23-24 .kb-form .kadence-blocks-form-field .kb-forms-submit{padding-top:4px;padding-right:16px;padding-bottom:4px;padding-left:16px;}.kb-form input.kadence-blocks-field.verify{opacity:0.0;position:absolute;top:0.0;left:0.0;width:0.0;height:0.0;z-index:-1;}<\/style>\n<div class=\"wp-block-kadence-form kadence-form-2131_4ded23-24 kb-form-wrap\"><form class=\"kb-form\" action=\"\" method=\"post\"><div class=\"kadence-blocks-form-field kb-field-desk-width-50 kb-field-mobile-width-100 kb-input-size-standard\"><label for=\"kb_field_2131_4ded23-24_0\">Isim<span class=\"required\">*<\/span><\/label><input name=\"kb_field_0\" id=\"kb_field_2131_4ded23-24_0\" data-label=\"Isim\" type=\"text\" placeholder=\"\" value=\"\" data-type=\"text\" class=\"kb-field kb-text-style-field kb-text-field kb-field-0\" data-required=\"yes\"\/><\/div><div class=\"kadence-blocks-form-field kb-form-field-1 kb-field-desk-width-50 kb-field-mobile-width-100 kb-input-size-standard\"><label for=\"kb_field_2131_4ded23-24_1\">Telefon<\/label><input name=\"kb_field_1\" id=\"kb_field_2131_4ded23-24_1\" data-label=\"Telefon\" type=\"text\" placeholder=\"\" value=\"\" data-type=\"text\" class=\"kb-field kb-text-style-field kb-text-field kb-field-1\"\/><\/div><div class=\"kadence-blocks-form-field kb-form-field-2 kb-field-desk-width-50 kb-field-mobile-width-100 kb-input-size-standard\"><label for=\"kb_field_2131_4ded23-24_2\">Email<span class=\"required\">*<\/span><\/label><input name=\"kb_field_2\" id=\"kb_field_2131_4ded23-24_2\" data-label=\"Email\" type=\"email\" placeholder=\"\" value=\"\" data-type=\"email\" class=\"kb-field kb-text-style-field kb-email-field kb-field-2\" data-required=\"yes\"\/><\/div><div class=\"kadence-blocks-form-field kb-form-field-3 kb-field-desk-width-50 kb-field-mobile-width-100 kb-input-size-standard\"><label for=\"kb_field_2131_4ded23-24_3\">\u015firket<\/label><input name=\"kb_field_3\" id=\"kb_field_2131_4ded23-24_3\" data-label=\"\u015firket\" type=\"text\" placeholder=\"\" value=\"\" data-type=\"text\" class=\"kb-field kb-text-style-field kb-text-field kb-field-3\"\/><\/div><div class=\"kadence-blocks-form-field kb-form-field-4 kb-field-desk-width-100 kb-input-size-standard\"><label for=\"kb_field_2131_4ded23-24_4\">Mesajiniz<span class=\"required\">*<\/span><\/label><textarea name=\"kb_field_4\" id=\"kb_field_2131_4ded23-24_4\" data-label=\"Mesajiniz\" type=\"textarea\" placeholder=\"\" data-type=\"textarea\" class=\"kb-field kb-text-style-field kb-textarea-field kb-field-4\" rows=\"4\" data-required=\"yes\"><\/textarea><\/div><input type=\"hidden\" name=\"_kb_form_id\" value=\"2131_4ded23-24\"\/><input type=\"hidden\" name=\"_kb_form_post_id\" value=\"2131\"\/><input type=\"hidden\" name=\"action\" value=\"kb_process_ajax_submit\"\/><input type=\"hidden\" name=\"recaptcha_response\" class=\"kb_recaptcha_response kb_recaptcha_2131_4ded23-24\"\/><label class=\"kadence-verify-label\">Email<input class=\"kadence-blocks-field verify\" type=\"text\" name=\"_kb_verify_email\" autocomplete=\"new-password\" aria-hidden=\"true\" placeholder=\"Email\" tabindex=\"-1\" data-1p-ignore=\"true\" data-lpignore=\"true\" \/><\/label><div class=\"kadence-blocks-form-field kb-submit-field kb-field-desk-width-100\"><button class=\"kb-forms-submit button kb-button-size-custom kb-button-width-auto\">Submit<\/button><\/div><\/form><\/div>\n<noscript><div class=\"kadence-blocks-form-message kadence-blocks-form-warning\">Veuillez activer JavaScript dans votre navigateur pour envoyer le formulaire.<\/div><style>.kadence-form-2131_4ded23-24 .kadence-blocks-form-field.kb-submit-field { display: none; }<\/style><\/noscript><\/div><\/div>\n\n\n<style>.kadence-column2131_a35fb0-c0 > .kt-inside-inner-col{display:flex;}.kadence-column2131_a35fb0-c0 > .kt-inside-inner-col,.kadence-column2131_a35fb0-c0 > .kt-inside-inner-col:before{border-top-left-radius:0px;border-top-right-radius:0px;border-bottom-right-radius:0px;border-bottom-left-radius:0px;}.kadence-column2131_a35fb0-c0 > .kt-inside-inner-col{column-gap:var(--global-kb-gap-sm, 1rem);}.kadence-column2131_a35fb0-c0 > .kt-inside-inner-col{flex-direction:column;justify-content:center;}.kadence-column2131_a35fb0-c0 > .kt-inside-inner-col > .aligncenter{width:100%;}.kt-row-column-wrap > .kadence-column2131_a35fb0-c0{align-self:center;}.kt-inner-column-height-full:not(.kt-has-1-columns) > .wp-block-kadence-column.kadence-column2131_a35fb0-c0{align-self:auto;}.kt-inner-column-height-full:not(.kt-has-1-columns) > .wp-block-kadence-column.kadence-column2131_a35fb0-c0 > .kt-inside-inner-col{flex-direction:column;justify-content:center;}.kadence-column2131_a35fb0-c0 > .kt-inside-inner-col:before{opacity:0.3;}.kadence-column2131_a35fb0-c0{position:relative;}@media all and (max-width: 1024px){.kt-row-column-wrap > .kadence-column2131_a35fb0-c0{align-self:center;}}@media all and (max-width: 1024px){.kt-inner-column-height-full:not(.kt-has-1-columns) > .wp-block-kadence-column.kadence-column2131_a35fb0-c0{align-self:auto;}}@media all and (max-width: 1024px){.kt-inner-column-height-full:not(.kt-has-1-columns) > .wp-block-kadence-column.kadence-column2131_a35fb0-c0 > .kt-inside-inner-col{flex-direction:column;justify-content:center;}}@media all and (max-width: 1024px){.kadence-column2131_a35fb0-c0 > .kt-inside-inner-col{flex-direction:column;justify-content:center;}}@media all and (max-width: 767px){.kt-row-column-wrap > .kadence-column2131_a35fb0-c0{align-self:center;}.kt-inner-column-height-full:not(.kt-has-1-columns) > .wp-block-kadence-column.kadence-column2131_a35fb0-c0{align-self:auto;}.kt-inner-column-height-full:not(.kt-has-1-columns) > .wp-block-kadence-column.kadence-column2131_a35fb0-c0 > .kt-inside-inner-col{flex-direction:column;justify-content:center;}.kadence-column2131_a35fb0-c0 > .kt-inside-inner-col{flex-direction:column;justify-content:center;}}<\/style>\n<div class=\"wp-block-kadence-column kadence-column2131_a35fb0-c0\"><div class=\"kt-inside-inner-col\">\n<h3 class=\"wp-block-heading\">\ud83d\udccd Bizimle \u0130leti\u015fime Ge\u00e7in<\/h3>\n\n\n\n<p><strong>Adres :<\/strong><br>Esentepe Mah. B\u00fcy\u00fckdere Cad.<br>Maya Akar Center (B Blok)<br>No:102, \u0130\u00e7 Kap\u0131 No:63<br>\u015ei\u015fli \/ \u0130stanbul<\/p>\n\n\n\n<p><strong>Telefon :<\/strong><br>\ud83d\udcde +90 542 514 53 42<\/p>\n\n\n\n<p><strong>Email :<\/strong><br>\u2709\ufe0f <a>contact@tourismedika.com<\/a><\/p>\n<\/div><\/div>\n\n<\/div><\/div>\n\n<style>.kb-google-maps-container2131_1c9dde-f7{height:450px;}<\/style><div class=\"kb-google-maps-container kb-google-maps-container2131_1c9dde-f7  wp-block-kadence-googlemaps\" data-mapid=\"2131_1c9ddef7\"><iframe width=\"100%\" height=\"100%\"\n\t\t\t\t\t\t\tstyle=\"border:0\" loading=\"lazy\"\n\t\t\t\t\t\t\tsrc=\"https:\/\/www.google.com\/maps\/embed\/v1\/place?key=AIzaSyBAM2o7PiQqwk15LC1XRH2e_KJ-jUa7KYk&#038;zoom=11&#038;maptype=roadmap&#038;q=Sakarya+Sk.+No%3A31+D%3A1\"\n\t\t\t\t\t\t\ttitle=\"Carte Google de Sakarya Sk. No:31 D:1\"><\/iframe><\/div><script>function kb_google_map2131_1c9ddef7() { let center = { lat: 37.8201, lng: -122.4781}; let map = new google.maps.Map(document.getElementById(\"kb-google-map2131_1c9ddef7\"), {\n\t\t\t\t\t    zoom: 11,\n\t\t\t\t\t    center: center,});let marker = new google.maps.Marker({   position: { lat: 37.8201, lng: -122.4781},    map: map,  });}<\/script>\n\n\n<p><\/p>\n","protected":false},"excerpt":{"rendered":"<p>\u0130leti\u015fim \ud83d\udccd Bizimle \u0130leti\u015fime Ge\u00e7in Adres :Esentepe Mah. B\u00fcy\u00fckdere Cad.Maya Akar Center (B Blok)No:102, \u0130\u00e7 Kap\u0131 No:63\u015ei\u015fli \/ \u0130stanbul Telefon :\ud83d\udcde +90 542 514 53 42 Email :\u2709\ufe0f contact@tourismedika.com<\/p>\n","protected":false},"author":1,"featured_media":2697,"parent":0,"menu_order":0,"comment_status":"closed","ping_status":"closed","template":"","meta":{"_kadence_starter_templates_imported_post":true,"_kad_post_transparent":"","_kad_post_title":"hide","_kad_post_layout":"fullwidth","_kad_post_sidebar_id":"","_kad_post_content_style":"unboxed","_kad_post_vertical_padding":"hide","_kad_post_feature":"hide","_kad_post_feature_position":"","_kad_post_header":false,"_kad_post_footer":false,"footnotes":""},"class_list":["post-2131","page","type-page","status-publish","has-post-thumbnail","hentry"],"_links":{"self":[{"href":"https:\/\/tourismedika.com\/index.php\/wp-json\/wp\/v2\/pages\/2131","targetHints":{"allow":["GET"]}}],"collection":[{"href":"https:\/\/tourismedika.com\/index.php\/wp-json\/wp\/v2\/pages"}],"about":[{"href":"https:\/\/tourismedika.com\/index.php\/wp-json\/wp\/v2\/types\/page"}],"author":[{"embeddable":true,"href":"https:\/\/tourismedika.com\/index.php\/wp-json\/wp\/v2\/users\/1"}],"replies":[{"embeddable":true,"href":"https:\/\/tourismedika.com\/index.php\/wp-json\/wp\/v2\/comments?post=2131"}],"version-history":[{"count":6,"href":"https:\/\/tourismedika.com\/index.php\/wp-json\/wp\/v2\/pages\/2131\/revisions"}],"predecessor-version":[{"id":2789,"href":"https:\/\/tourismedika.com\/index.php\/wp-json\/wp\/v2\/pages\/2131\/revisions\/2789"}],"wp:featuredmedia":[{"embeddable":true,"href":"https:\/\/tourismedika.com\/index.php\/wp-json\/wp\/v2\/media\/2697"}],"wp:attachment":[{"href":"https:\/\/tourismedika.com\/index.php\/wp-json\/wp\/v2\/media?parent=2131"}],"curies":[{"name":"wp","href":"https:\/\/api.w.org\/{rel}","templated":true}]}}